{"id":960,"date":"2025-05-05T17:44:24","date_gmt":"2025-05-05T15:44:24","guid":{"rendered":"http:\/\/31349d75-b9df-452d-82dd-1de368cdaec2.clouding.host\/?page_id=960"},"modified":"2025-07-02T12:17:38","modified_gmt":"2025-07-02T10:17:38","slug":"legal-notice","status":"publish","type":"page","link":"https:\/\/www.ibizasongs.com\/en\/legal-notice\/","title":{"rendered":"Legal notice"},"content":{"rendered":"<div data-elementor-type=\"wp-page\" data-elementor-id=\"960\" class=\"elementor elementor-960\" data-elementor-post-type=\"page\">\n\t\t\t\t<div class=\"elementor-element elementor-element-9636a31 e-con-full e-flex e-con e-parent\" data-id=\"9636a31\" data-element_type=\"container\" data-settings=\"{&quot;background_background&quot;:&quot;classic&quot;}\">\n\t\t<div class=\"elementor-element elementor-element-aa4e7de e-flex e-con-boxed e-con e-child\" data-id=\"aa4e7de\" data-element_type=\"container\" data-settings=\"{&quot;background_background&quot;:&quot;video&quot;}\">\n\t\t\t\t\t<div class=\"e-con-inner\">\n\t\t\t\t<div class=\"elementor-element elementor-element-bf33c30 elementor-widget elementor-widget-heading\" data-id=\"bf33c30\" data-element_type=\"widget\" data-widget_type=\"heading.default\">\n\t\t\t\t<div class=\"elementor-widget-container\">\n\t\t\t\t\t<h1 class=\"elementor-heading-title elementor-size-default\">Privacy Policy<\/h1>\t\t\t\t<\/div>\n\t\t\t\t<\/div>\n\t\t\t\t\t<\/div>\n\t\t\t\t<\/div>\n\t\t\t\t<\/div>\n\t\t<div class=\"elementor-element elementor-element-685a7f0 e-flex e-con-boxed e-con e-parent\" data-id=\"685a7f0\" data-element_type=\"container\">\n\t\t\t\t\t<div class=\"e-con-inner\">\n\t\t<div class=\"elementor-element elementor-element-acf4ed8 e-con-full e-flex e-con e-child\" data-id=\"acf4ed8\" data-element_type=\"container\" data-settings=\"{&quot;background_background&quot;:&quot;classic&quot;}\">\n\t\t\t\t<div class=\"elementor-element elementor-element-ab21f51 elementor-widget elementor-widget-text-editor\" data-id=\"ab21f51\" data-element_type=\"widget\" data-widget_type=\"text-editor.default\">\n\t\t\t\t<div class=\"elementor-widget-container\">\n\t\t\t\t\t\t\t\t\t<ol><li><strong>Ownership of the Website<\/strong><br \/><strong>Selecci\u00f3n Musical S.L.<\/strong><br \/>VAT No: [Number].<br \/>Address: [Full address] Address: [Full address] Address: [Full address] Address: [Full address] Address: [Full address] Address<br \/>Email: [correo@ejemplo.com]<br \/>Sitio Web: https:\/\/www.ibizasongs.com\/<br \/><br \/><\/li><li><strong>Object<\/strong><br \/>Offering piped music services to companies.<br \/><br \/><\/li><li><strong>Responsibility<\/strong><br \/>No liability for misuse of content, technical interruptions or external links.<br \/><br \/><\/li><li><strong>Intellectual Property<\/strong><br \/>All contents are protected by copyright and industrial property rights.<br \/><br \/><\/li><li><strong>Applicable Legislation<\/strong><br \/>Relations governed by Spanish law and corresponding jurisdiction.<br \/><br \/><\/li><\/ol>\t\t\t\t\t\t\t\t<\/div>\n\t\t\t\t<\/div>\n\t\t\t\t<\/div>\n\t\t\t\t\t<\/div>\n\t\t\t\t<\/div>\n\t\t\t\t<\/div>","protected":false},"excerpt":{"rendered":"<p>Pol\u00edtica de Privacidad Titularidad del Sitio WebSelecci\u00f3n Musical S.L.CIF: [N\u00famero]Domicilio: [Direcci\u00f3n completa]Email: [correo@ejemplo.com]Sitio Web: http:\/\/31349d75-b9df-452d-82dd-1de368cdaec2.clouding.host ObjetoOfrecer servicios de hilo musical a empresas. ResponsabilidadNo se responsabiliza del mal uso del contenido, interrupciones t\u00e9cnicas o enlaces externos. Propiedad IntelectualTodos los contenidos est\u00e1n protegidos por derechos de autor y propiedad industrial. Legislaci\u00f3n AplicableRelaciones regidas por la legislaci\u00f3n espa\u00f1ola [&hellip;]<\/p>","protected":false},"author":1,"featured_media":0,"parent":0,"menu_order":0,"comment_status":"closed","ping_status":"closed","template":"elementor_canvas","meta":{"footnotes":""},"class_list":["post-960","page","type-page","status-publish","hentry"],"_links":{"self":[{"href":"https:\/\/www.ibizasongs.com\/en\/wp-json\/wp\/v2\/pages\/960","targetHints":{"allow":["GET"]}}],"collection":[{"href":"https:\/\/www.ibizasongs.com\/en\/wp-json\/wp\/v2\/pages"}],"about":[{"href":"https:\/\/www.ibizasongs.com\/en\/wp-json\/wp\/v2\/types\/page"}],"author":[{"embeddable":true,"href":"https:\/\/www.ibizasongs.com\/en\/wp-json\/wp\/v2\/users\/1"}],"replies":[{"embeddable":true,"href":"https:\/\/www.ibizasongs.com\/en\/wp-json\/wp\/v2\/comments?post=960"}],"version-history":[{"count":8,"href":"https:\/\/www.ibizasongs.com\/en\/wp-json\/wp\/v2\/pages\/960\/revisions"}],"predecessor-version":[{"id":1773,"href":"https:\/\/www.ibizasongs.com\/en\/wp-json\/wp\/v2\/pages\/960\/revisions\/1773"}],"wp:attachment":[{"href":"https:\/\/www.ibizasongs.com\/en\/wp-json\/wp\/v2\/media?parent=960"}],"curies":[{"name":"wp","href":"https:\/\/api.w.org\/{rel}","templated":true}]}}