{"id":948,"date":"2025-05-05T17:43:12","date_gmt":"2025-05-05T15:43:12","guid":{"rendered":"http:\/\/31349d75-b9df-452d-82dd-1de368cdaec2.clouding.host\/?page_id=948"},"modified":"2025-07-02T12:18:05","modified_gmt":"2025-07-02T10:18:05","slug":"privacy-policy","status":"publish","type":"page","link":"https:\/\/www.ibizasongs.com\/en\/privacy-policy\/","title":{"rendered":"Privacy Policy"},"content":{"rendered":"<div data-elementor-type=\"wp-page\" data-elementor-id=\"948\" class=\"elementor elementor-948\" data-elementor-post-type=\"page\">\n\t\t\t\t<div class=\"elementor-element elementor-element-9636a31 e-con-full e-flex e-con e-parent\" data-id=\"9636a31\" data-element_type=\"container\" data-settings=\"{&quot;background_background&quot;:&quot;classic&quot;}\">\n\t\t<div class=\"elementor-element elementor-element-aa4e7de e-flex e-con-boxed e-con e-child\" data-id=\"aa4e7de\" data-element_type=\"container\" data-settings=\"{&quot;background_background&quot;:&quot;video&quot;}\">\n\t\t\t\t\t<div class=\"e-con-inner\">\n\t\t\t\t<div class=\"elementor-element elementor-element-bf33c30 elementor-widget elementor-widget-heading\" data-id=\"bf33c30\" data-element_type=\"widget\" data-widget_type=\"heading.default\">\n\t\t\t\t<div class=\"elementor-widget-container\">\n\t\t\t\t\t<h1 class=\"elementor-heading-title elementor-size-default\">Privacy Policy<\/h1>\t\t\t\t<\/div>\n\t\t\t\t<\/div>\n\t\t\t\t\t<\/div>\n\t\t\t\t<\/div>\n\t\t\t\t<\/div>\n\t\t<div class=\"elementor-element elementor-element-685a7f0 e-flex e-con-boxed e-con e-parent\" data-id=\"685a7f0\" data-element_type=\"container\">\n\t\t\t\t\t<div class=\"e-con-inner\">\n\t\t<div class=\"elementor-element elementor-element-acf4ed8 e-con-full e-flex e-con e-child\" data-id=\"acf4ed8\" data-element_type=\"container\" data-settings=\"{&quot;background_background&quot;:&quot;classic&quot;}\">\n\t\t\t\t<div class=\"elementor-element elementor-element-ab21f51 elementor-widget elementor-widget-text-editor\" data-id=\"ab21f51\" data-element_type=\"widget\" data-widget_type=\"text-editor.default\">\n\t\t\t\t<div class=\"elementor-widget-container\">\n\t\t\t\t\t\t\t\t\t<ol><li><strong>Data Controller<br \/><\/strong>Selecci\u00f3n Musical S.L.<br \/>Registered office: [Physical address of the company].<br \/>Contact email: [correo@ejemplo.com]<br \/>CIF\/NIF: [Number].<br \/><strong><br \/><\/strong><\/li><li><strong>Purpose of the website<\/strong><br \/>Ibiza Songs is a platform dedicated to the sale of musical threads to companies for use in commercial environments, such as shops, hotels, gyms, among others. The services offered are paid and are aimed exclusively at legal entities or entrepreneurs of legal age.<\/li><li><strong>Conditions of Access and Use<\/strong><br \/>- Access to the Website is free of charge, although certain services require registration and contracting.<br \/>- The user declares to be of legal age and to have the legal capacity to contract on behalf of a company.<br \/>- Use of the Website for illegal or unauthorised purposes is prohibited.<\/li><li><strong>Contracting Services<\/strong><br \/>- The musical services offered are subject to payment and are subject to special conditions that will be detailed during the contracting process.<br \/>- Payment will be made via secure third party platforms (e.g. Stripe, PayPal or others), the terms and conditions of which can be found on their respective pages.<\/li><li><strong>Intellectual Property<\/strong><br \/>- All the content of the website is the property of Selecci\u00f3n Musical S.L. or its suppliers, and is protected by intellectual property rights.<br \/>- Reproduction, distribution or public communication without express authorisation is prohibited.<\/li><li><strong>Data Protection<\/strong><br \/>- The personal data collected will be processed in accordance with the GDPR and Spanish law.<\/li><li><strong>Use of Third Party Services<\/strong><br \/>The website may contain links or integrate third party services. Selecci\u00f3n Musical S.L. is not responsible for the use of such services.<\/li><li><strong>Limitation of Liability<\/strong><br \/>- The continuous availability of the Website and the absence of technical errors are not guaranteed.<br \/>- In no event shall it be liable for any damages arising out of the use of the Website.<\/li><li><strong>Applicable Law and Jurisdiction<\/strong><br \/>These Terms shall be governed by Spanish law. Any dispute shall be submitted to the courts of Selecci\u00f3n Musical S.L.'s domicile.<\/li><\/ol>\t\t\t\t\t\t\t\t<\/div>\n\t\t\t\t<\/div>\n\t\t\t\t<\/div>\n\t\t\t\t\t<\/div>\n\t\t\t\t<\/div>\n\t\t\t\t<\/div>","protected":false},"excerpt":{"rendered":"<p>Pol\u00edtica de Privacidad Responsable del TratamientoSelecci\u00f3n Musical S.L.Domicilio social: [Direcci\u00f3n f\u00edsica de la empresa]Email de contacto: [correo@ejemplo.com]CIF\/NIF: [N\u00famero] Objeto del Sitio WebIbiza Songs es una plataforma dedicada a la venta de hilos musicales a empresas para su uso en entornos comerciales, como tiendas, hoteles, gimnasios, entre otros. Los servicios ofrecidos son de pago y est\u00e1n [&hellip;]<\/p>","protected":false},"author":1,"featured_media":0,"parent":0,"menu_order":0,"comment_status":"closed","ping_status":"closed","template":"elementor_canvas","meta":{"footnotes":""},"class_list":["post-948","page","type-page","status-publish","hentry"],"_links":{"self":[{"href":"https:\/\/www.ibizasongs.com\/en\/wp-json\/wp\/v2\/pages\/948","targetHints":{"allow":["GET"]}}],"collection":[{"href":"https:\/\/www.ibizasongs.com\/en\/wp-json\/wp\/v2\/pages"}],"about":[{"href":"https:\/\/www.ibizasongs.com\/en\/wp-json\/wp\/v2\/types\/page"}],"author":[{"embeddable":true,"href":"https:\/\/www.ibizasongs.com\/en\/wp-json\/wp\/v2\/users\/1"}],"replies":[{"embeddable":true,"href":"https:\/\/www.ibizasongs.com\/en\/wp-json\/wp\/v2\/comments?post=948"}],"version-history":[{"count":2,"href":"https:\/\/www.ibizasongs.com\/en\/wp-json\/wp\/v2\/pages\/948\/revisions"}],"predecessor-version":[{"id":1774,"href":"https:\/\/www.ibizasongs.com\/en\/wp-json\/wp\/v2\/pages\/948\/revisions\/1774"}],"wp:attachment":[{"href":"https:\/\/www.ibizasongs.com\/en\/wp-json\/wp\/v2\/media?parent=948"}],"curies":[{"name":"wp","href":"https:\/\/api.w.org\/{rel}","templated":true}]}}