{"id":374,"date":"2025-04-22T12:19:34","date_gmt":"2025-04-22T10:19:34","guid":{"rendered":"http:\/\/31349d75-b9df-452d-82dd-1de368cdaec2.clouding.host\/?page_id=374"},"modified":"2025-07-11T11:20:00","modified_gmt":"2025-07-11T09:20:00","slug":"curators","status":"publish","type":"page","link":"https:\/\/www.ibizasongs.com\/en\/curators\/","title":{"rendered":"Curators"},"content":{"rendered":"<div data-elementor-type=\"wp-page\" data-elementor-id=\"374\" class=\"elementor elementor-374\" data-elementor-post-type=\"page\">\n\t\t\t\t<div class=\"elementor-element elementor-element-e958e17 e-con-full e-flex e-con e-parent\" data-id=\"e958e17\" data-element_type=\"container\" data-settings=\"{&quot;background_background&quot;:&quot;classic&quot;}\">\n\t\t<div class=\"elementor-element elementor-element-6865546 e-flex e-con-boxed e-con e-child\" data-id=\"6865546\" data-element_type=\"container\" data-settings=\"{&quot;background_background&quot;:&quot;video&quot;}\">\n\t\t\t\t\t<div class=\"e-con-inner\">\n\t\t\t\t<div class=\"elementor-element elementor-element-f8cb7ef elementor-widget elementor-widget-heading\" data-id=\"f8cb7ef\" data-element_type=\"widget\" data-widget_type=\"heading.default\">\n\t\t\t\t<div class=\"elementor-widget-container\">\n\t\t\t\t\t<h1 class=\"elementor-heading-title elementor-size-default\">musical CURATORS<\/h1>\t\t\t\t<\/div>\n\t\t\t\t<\/div>\n\t\t\t\t<div class=\"elementor-element elementor-element-a42bd4c elementor-widget elementor-widget-heading\" data-id=\"a42bd4c\" data-element_type=\"widget\" data-widget_type=\"heading.default\">\n\t\t\t\t<div class=\"elementor-widget-container\">\n\t\t\t\t\t<h2 class=\"elementor-heading-title elementor-size-default\">Specialists in creating unique experiences<\/h2>\t\t\t\t<\/div>\n\t\t\t\t<\/div>\n\t\t\t\t\t<\/div>\n\t\t\t\t<\/div>\n\t\t\t\t<\/div>\n\t\t<div class=\"elementor-element elementor-element-095e05c e-flex e-con-boxed e-con e-parent\" data-id=\"095e05c\" data-element_type=\"container\">\n\t\t\t\t\t<div class=\"e-con-inner\">\n\t\t<div class=\"elementor-element elementor-element-d8b0873 e-con-full e-flex e-con e-child\" data-id=\"d8b0873\" data-element_type=\"container\" data-settings=\"{&quot;background_background&quot;:&quot;classic&quot;}\">\n\t\t\t\t<div class=\"elementor-element elementor-element-32978f4 elementor-hidden-desktop elementor-hidden-tablet elementor-hidden-mobile elementor-widget elementor-widget-heading\" data-id=\"32978f4\" data-element_type=\"widget\" data-widget_type=\"heading.default\">\n\t\t\t\t<div class=\"elementor-widget-container\">\n\t\t\t\t\t<h2 class=\"elementor-heading-title elementor-size-default\">OUR CURATORS<\/h2>\t\t\t\t<\/div>\n\t\t\t\t<\/div>\n\t\t\t\t<div class=\"elementor-element elementor-element-92c2b4f elementor-widget elementor-widget-text-editor\" data-id=\"92c2b4f\" data-element_type=\"widget\" data-widget_type=\"text-editor.default\">\n\t\t\t\t<div class=\"elementor-widget-container\">\n\t\t\t\t\t\t\t\t\t<p><strong>One of the pillars of Ibiza Songs is our team, and the time and care we dedicate to each stage of the process.<\/strong><\/p><p class=\"p1\">We know that music, like all artistic expression, takes on a special meaning when a person is behind its creation and selection. It's not just about choosing a song, it's about feeling it, understanding what it conveys and recognising its impact at every moment. A well-chosen melody is capable of completely changing a space, of elevating an experience to another level, of leaving an emotional memory that lasts beyond.<\/p>\t\t\t\t\t\t\t\t<\/div>\n\t\t\t\t<\/div>\n\t\t\t\t<\/div>\n\t\t\t\t\t<\/div>\n\t\t\t\t<\/div>\n\t\t<div class=\"elementor-element elementor-element-26254e0 e-flex e-con-boxed e-con e-parent\" data-id=\"26254e0\" data-element_type=\"container\">\n\t\t\t\t\t<div class=\"e-con-inner\">\n\t\t<div class=\"elementor-element elementor-element-71e9d70 e-con-full e-flex e-con e-child\" data-id=\"71e9d70\" data-element_type=\"container\">\n\t\t\t\t<div class=\"elementor-element elementor-element-006d574 elementor-widget elementor-widget-heading\" data-id=\"006d574\" data-element_type=\"widget\" data-widget_type=\"heading.default\">\n\t\t\t\t<div class=\"elementor-widget-container\">\n\t\t\t\t\t<h3 class=\"elementor-heading-title elementor-size-default\">Sebastian <br>\nGamboa<\/h3>\t\t\t\t<\/div>\n\t\t\t\t<\/div>\n\t\t\t\t<div class=\"elementor-element elementor-element-636ec01 elementor-widget__width-initial elementor-widget elementor-widget-text-editor\" data-id=\"636ec01\" data-element_type=\"widget\" data-widget_type=\"text-editor.default\">\n\t\t\t\t<div class=\"elementor-widget-container\">\n\t\t\t\t\t\t\t\t\t<p class=\"p1\">With more than 30 years of experience, Sebasti\u00e1n Gamboa is a mainstay of the international music scene.<\/p><p class=\"p1\">After his time at legendary clubs such as L\u00edo and Pacha Ibiza, he created the successful Vintage by Sebasti\u00e1n Gamboa brand, establishing himself as one of the most influential figures on the current scene.<\/p>\t\t\t\t\t\t\t\t<\/div>\n\t\t\t\t<\/div>\n\t\t\t\t<\/div>\n\t\t<div class=\"elementor-element elementor-element-d2f3b46 e-con-full e-flex e-con e-child\" data-id=\"d2f3b46\" data-element_type=\"container\" data-settings=\"{&quot;background_background&quot;:&quot;classic&quot;,&quot;motion_fx_motion_fx_scrolling&quot;:&quot;yes&quot;,&quot;motion_fx_translateY_effect&quot;:&quot;yes&quot;,&quot;motion_fx_translateY_speed&quot;:{&quot;unit&quot;:&quot;px&quot;,&quot;size&quot;:1,&quot;sizes&quot;:[]},&quot;motion_fx_translateY_affectedRange&quot;:{&quot;unit&quot;:&quot;%&quot;,&quot;size&quot;:&quot;&quot;,&quot;sizes&quot;:{&quot;start&quot;:0,&quot;end&quot;:100}},&quot;motion_fx_devices&quot;:[&quot;desktop&quot;,&quot;tablet&quot;,&quot;mobile&quot;]}\">\n\t\t\t\t<\/div>\n\t\t\t\t\t<\/div>\n\t\t\t\t<\/div>\n\t\t<div class=\"elementor-element elementor-element-9220a4d e-flex e-con-boxed e-con e-parent\" data-id=\"9220a4d\" data-element_type=\"container\">\n\t\t\t\t\t<div class=\"e-con-inner\">\n\t\t<div class=\"elementor-element elementor-element-5e992a1 e-con-full e-flex e-con e-child\" data-id=\"5e992a1\" data-element_type=\"container\" data-settings=\"{&quot;background_background&quot;:&quot;classic&quot;,&quot;motion_fx_motion_fx_scrolling&quot;:&quot;yes&quot;,&quot;motion_fx_translateY_effect&quot;:&quot;yes&quot;,&quot;motion_fx_translateY_speed&quot;:{&quot;unit&quot;:&quot;px&quot;,&quot;size&quot;:1,&quot;sizes&quot;:[]},&quot;motion_fx_translateY_affectedRange&quot;:{&quot;unit&quot;:&quot;%&quot;,&quot;size&quot;:&quot;&quot;,&quot;sizes&quot;:{&quot;start&quot;:0,&quot;end&quot;:100}},&quot;motion_fx_devices&quot;:[&quot;desktop&quot;,&quot;tablet&quot;,&quot;mobile&quot;]}\">\n\t\t\t\t<\/div>\n\t\t<div class=\"elementor-element elementor-element-788c896 e-con-full e-flex e-con e-child\" data-id=\"788c896\" data-element_type=\"container\">\n\t\t\t\t<div class=\"elementor-element elementor-element-e0ef598 elementor-widget__width-initial elementor-widget elementor-widget-heading\" data-id=\"e0ef598\" data-element_type=\"widget\" data-widget_type=\"heading.default\">\n\t\t\t\t<div class=\"elementor-widget-container\">\n\t\t\t\t\t<h3 class=\"elementor-heading-title elementor-size-default\">Victor <br>\nNebot<\/h3>\t\t\t\t<\/div>\n\t\t\t\t<\/div>\n\t\t\t\t<div class=\"elementor-element elementor-element-fb0d84c elementor-widget__width-initial elementor-widget elementor-widget-text-editor\" data-id=\"fb0d84c\" data-element_type=\"widget\" data-widget_type=\"text-editor.default\">\n\t\t\t\t<div class=\"elementor-widget-container\">\n\t\t\t\t\t\t\t\t\t<p class=\"p1\">He is renowned for his unique ability to fuse all kinds of genres.<\/p><p class=\"p1\">His ability to create perfect sound atmospheres made him the visible face of the renowned Flower Power party, consolidating his legacy as a musical reference in Ibiza.<\/p>\t\t\t\t\t\t\t\t<\/div>\n\t\t\t\t<\/div>\n\t\t\t\t<\/div>\n\t\t\t\t\t<\/div>\n\t\t\t\t<\/div>\n\t\t<div class=\"elementor-element elementor-element-2897d9b e-flex e-con-boxed e-con e-parent\" data-id=\"2897d9b\" data-element_type=\"container\">\n\t\t\t\t\t<div class=\"e-con-inner\">\n\t\t<div class=\"elementor-element elementor-element-f9a4e11 e-con-full e-flex e-con e-child\" data-id=\"f9a4e11\" data-element_type=\"container\">\n\t\t\t\t<div class=\"elementor-element elementor-element-522413e elementor-widget elementor-widget-heading\" data-id=\"522413e\" data-element_type=\"widget\" data-widget_type=\"heading.default\">\n\t\t\t\t<div class=\"elementor-widget-container\">\n\t\t\t\t\t<h3 class=\"elementor-heading-title elementor-size-default\">Oscar <br>\nColorado<\/h3>\t\t\t\t<\/div>\n\t\t\t\t<\/div>\n\t\t\t\t<div class=\"elementor-element elementor-element-42340fd elementor-widget__width-initial elementor-widget elementor-widget-text-editor\" data-id=\"42340fd\" data-element_type=\"widget\" data-widget_type=\"text-editor.default\">\n\t\t\t\t<div class=\"elementor-widget-container\">\n\t\t\t\t\t\t\t\t\t<p class=\"p1\">Oscar Colorado stands out for his versatility and talent, aspects that have led him to establish himself as a resident in some of the most legendary clubs in the world.<\/p><p class=\"p1\">His profound musical knowledge and his ability to adapt to the most demanding audiences have made him a key figure in the music scene.<\/p>\t\t\t\t\t\t\t\t<\/div>\n\t\t\t\t<\/div>\n\t\t\t\t<\/div>\n\t\t<div class=\"elementor-element elementor-element-5cc7935 e-con-full e-flex e-con e-child\" data-id=\"5cc7935\" data-element_type=\"container\" data-settings=\"{&quot;background_background&quot;:&quot;classic&quot;,&quot;motion_fx_motion_fx_scrolling&quot;:&quot;yes&quot;,&quot;motion_fx_translateY_effect&quot;:&quot;yes&quot;,&quot;motion_fx_translateY_speed&quot;:{&quot;unit&quot;:&quot;px&quot;,&quot;size&quot;:1,&quot;sizes&quot;:[]},&quot;motion_fx_translateY_affectedRange&quot;:{&quot;unit&quot;:&quot;%&quot;,&quot;size&quot;:&quot;&quot;,&quot;sizes&quot;:{&quot;start&quot;:0,&quot;end&quot;:100}},&quot;motion_fx_devices&quot;:[&quot;desktop&quot;,&quot;tablet&quot;,&quot;mobile&quot;]}\">\n\t\t\t\t<\/div>\n\t\t\t\t\t<\/div>\n\t\t\t\t<\/div>\n\t\t<div class=\"elementor-element elementor-element-6f308a0 e-flex e-con-boxed e-con e-parent\" data-id=\"6f308a0\" data-element_type=\"container\">\n\t\t\t\t\t<div class=\"e-con-inner\">\n\t\t<div class=\"elementor-element elementor-element-2112da4 e-con-full e-flex e-con e-child\" data-id=\"2112da4\" data-element_type=\"container\" data-settings=\"{&quot;background_background&quot;:&quot;classic&quot;,&quot;motion_fx_motion_fx_scrolling&quot;:&quot;yes&quot;,&quot;motion_fx_translateY_effect&quot;:&quot;yes&quot;,&quot;motion_fx_translateY_speed&quot;:{&quot;unit&quot;:&quot;px&quot;,&quot;size&quot;:1,&quot;sizes&quot;:[]},&quot;motion_fx_translateY_affectedRange&quot;:{&quot;unit&quot;:&quot;%&quot;,&quot;size&quot;:&quot;&quot;,&quot;sizes&quot;:{&quot;start&quot;:0,&quot;end&quot;:100}},&quot;motion_fx_devices&quot;:[&quot;desktop&quot;,&quot;tablet&quot;,&quot;mobile&quot;]}\">\n\t\t\t\t<\/div>\n\t\t<div class=\"elementor-element elementor-element-429fb41 e-con-full e-flex e-con e-child\" data-id=\"429fb41\" data-element_type=\"container\">\n\t\t\t\t<div class=\"elementor-element elementor-element-080226d elementor-widget__width-initial elementor-widget elementor-widget-heading\" data-id=\"080226d\" data-element_type=\"widget\" data-widget_type=\"heading.default\">\n\t\t\t\t<div class=\"elementor-widget-container\">\n\t\t\t\t\t<h3 class=\"elementor-heading-title elementor-size-default\">Sergio <br>\nVicedo<\/h3>\t\t\t\t<\/div>\n\t\t\t\t<\/div>\n\t\t\t\t<div class=\"elementor-element elementor-element-bc5029e elementor-widget__width-initial elementor-widget elementor-widget-text-editor\" data-id=\"bc5029e\" data-element_type=\"widget\" data-widget_type=\"text-editor.default\">\n\t\t\t\t<div class=\"elementor-widget-container\">\n\t\t\t\t\t\t\t\t\t<p class=\"p1\">With his unique and energetic style, Sergio has captivated crowds with his ability to fuse genres and create unique atmospheres.<\/p><p class=\"p1\">His passion for electronic music began at an early age, and he has taken his talent to various international stages.<\/p>\t\t\t\t\t\t\t\t<\/div>\n\t\t\t\t<\/div>\n\t\t\t\t<\/div>\n\t\t\t\t\t<\/div>\n\t\t\t\t<\/div>\n\t\t<div class=\"elementor-element elementor-element-0ef5e6a e-con-full e-flex e-con e-parent\" data-id=\"0ef5e6a\" data-element_type=\"container\">\n\t\t\t\t<div class=\"elementor-element elementor-element-873c1b8 elementor-widget elementor-widget-template\" data-id=\"873c1b8\" data-element_type=\"widget\" data-widget_type=\"template.default\">\n\t\t\t\t<div class=\"elementor-widget-container\">\n\t\t\t\t\t\t\t<div class=\"elementor-template\">\n\t\t\t\t\t<div data-elementor-type=\"section\" data-elementor-id=\"1704\" class=\"elementor elementor-1704\" data-elementor-post-type=\"elementor_library\">\n\t\t\t<div class=\"elementor-element elementor-element-c3a4fb7 e-con-full e-flex e-con e-parent\" data-id=\"c3a4fb7\" data-element_type=\"container\">\n\t\t<div class=\"elementor-element elementor-element-206a596 e-con-full e-flex e-con e-child\" data-id=\"206a596\" data-element_type=\"container\">\n\t\t<div class=\"elementor-element elementor-element-33b943a e-con-full e-flex e-con e-child\" data-id=\"33b943a\" data-element_type=\"container\">\n\t\t\t\t<div class=\"elementor-element elementor-element-0c878c3 elementor-widget elementor-widget-heading\" data-id=\"0c878c3\" data-element_type=\"widget\" data-widget_type=\"heading.default\">\n\t\t\t\t<div class=\"elementor-widget-container\">\n\t\t\t\t\t<h2 class=\"elementor-heading-title elementor-size-default\">contact us<\/h2>\t\t\t\t<\/div>\n\t\t\t\t<\/div>\n\t\t\t\t<div class=\"elementor-element elementor-element-1e656e4 elementor-widget elementor-widget-text-editor\" data-id=\"1e656e4\" data-element_type=\"widget\" data-widget_type=\"text-editor.default\">\n\t\t\t\t<div class=\"elementor-widget-container\">\n\t\t\t\t\t\t\t\t\t<p>Need more information?<br \/>Do not hesitate to write to us.<\/p>\t\t\t\t\t\t\t\t<\/div>\n\t\t\t\t<\/div>\n\t\t\t\t<div class=\"elementor-element elementor-element-813aa52 elementor-align-left elementor-widget elementor-widget-button\" data-id=\"813aa52\" data-element_type=\"widget\" data-widget_type=\"button.default\">\n\t\t\t\t<div class=\"elementor-widget-container\">\n\t\t\t\t\t\t\t\t\t<div class=\"elementor-button-wrapper\">\n\t\t\t\t\t<a class=\"elementor-button elementor-button-link elementor-size-sm\" href=\"https:\/\/calendly.com\/ibiza-songs-book\/30min\" target=\"_blank\" rel=\"nofollow noopener\">\n\t\t\t\t\t\t<span class=\"elementor-button-content-wrapper\">\n\t\t\t\t\t\t<span class=\"elementor-button-icon\">\n\t\t\t\t<svg aria-hidden=\"true\" class=\"e-font-icon-svg e-fas-arrow-right\" viewbox=\"0 0 448 512\" xmlns=\"http:\/\/www.w3.org\/2000\/svg\"><path d=\"M190.5 66.9l22.2-22.2c9.4-9.4 24.6-9.4 33.9 0L441 239c9.4 9.4 9.4 24.6 0 33.9L246.6 467.3c-9.4 9.4-24.6 9.4-33.9 0l-22.2-22.2c-9.5-9.5-9.3-25 .4-34.3L311.4 296H24c-13.3 0-24-10.7-24-24v-32c0-13.3 10.7-24 24-24h287.4L190.9 101.2c-9.8-9.3-10-24.8-.4-34.3z\"><\/path><\/svg>\t\t\t<\/span>\n\t\t\t\t\t\t\t\t\t<span class=\"elementor-button-text\">SCHEDULE A CALL<\/span>\n\t\t\t\t\t<\/span>\n\t\t\t\t\t<\/a>\n\t\t\t\t<\/div>\n\t\t\t\t\t\t\t\t<\/div>\n\t\t\t\t<\/div>\n\t\t\t\t<\/div>\n\t\t\t\t<\/div>\n\t\t<div class=\"elementor-element elementor-element-dffbda8 e-con-full e-flex e-con e-child\" data-id=\"dffbda8\" data-element_type=\"container\">\n\t\t\t\t<div class=\"elementor-element elementor-element-9897878 elementor-widget elementor-widget-image\" data-id=\"9897878\" data-element_type=\"widget\" data-widget_type=\"image.default\">\n\t\t\t\t<div class=\"elementor-widget-container\">\n\t\t\t\t\t\t\t\t\t\t\t\t\t\t\t<img fetchpriority=\"high\" decoding=\"async\" width=\"2048\" height=\"1365\" src=\"https:\/\/www.ibizasongs.com\/wp-content\/uploads\/2025\/06\/ibizatab.jpg\" class=\"attachment-full size-full wp-image-1700\" alt=\"actualidad blog ibiza songs\" srcset=\"https:\/\/www.ibizasongs.com\/wp-content\/uploads\/2025\/06\/ibizatab.jpg 2048w, https:\/\/www.ibizasongs.com\/wp-content\/uploads\/2025\/06\/ibizatab-300x200.jpg 300w, https:\/\/www.ibizasongs.com\/wp-content\/uploads\/2025\/06\/ibizatab-1024x683.jpg 1024w, https:\/\/www.ibizasongs.com\/wp-content\/uploads\/2025\/06\/ibizatab-768x512.jpg 768w, https:\/\/www.ibizasongs.com\/wp-content\/uploads\/2025\/06\/ibizatab-1536x1024.jpg 1536w, https:\/\/www.ibizasongs.com\/wp-content\/uploads\/2025\/06\/ibizatab-18x12.jpg 18w\" sizes=\"(max-width: 2048px) 100vw, 2048px\" title=\"\">\t\t\t\t\t\t\t\t\t\t\t\t\t\t\t<\/div>\n\t\t\t\t<\/div>\n\t\t\t\t<\/div>\n\t\t\t\t<\/div>\n\t\t\t\t<\/div>\n\t\t\t\t<\/div>\n\t\t\t\t\t\t<\/div>\n\t\t\t\t<\/div>\n\t\t\t\t<\/div>\n\t\t\t\t<\/div>","protected":false},"excerpt":{"rendered":"<p>CURADORES musicales Especialistas en crear experiencias \u00fanicas NUESTROS CURADORES Uno de los pilares de Ibiza Songs es nuestro equipo humano, y el tiempo y cuidado que dedicamos a cada etapa del proceso. Sabemos que la m\u00fasica, como toda expresi\u00f3n art\u00edstica, cobra un significado especial cuando una persona est\u00e1 detr\u00e1s de su creaci\u00f3n y selecci\u00f3n. No [&hellip;]<\/p>","protected":false},"author":1,"featured_media":0,"parent":0,"menu_order":0,"comment_status":"closed","ping_status":"closed","template":"","meta":{"footnotes":""},"class_list":["post-374","page","type-page","status-publish","hentry"],"_links":{"self":[{"href":"https:\/\/www.ibizasongs.com\/en\/wp-json\/wp\/v2\/pages\/374","targetHints":{"allow":["GET"]}}],"collection":[{"href":"https:\/\/www.ibizasongs.com\/en\/wp-json\/wp\/v2\/pages"}],"about":[{"href":"https:\/\/www.ibizasongs.com\/en\/wp-json\/wp\/v2\/types\/page"}],"author":[{"embeddable":true,"href":"https:\/\/www.ibizasongs.com\/en\/wp-json\/wp\/v2\/users\/1"}],"replies":[{"embeddable":true,"href":"https:\/\/www.ibizasongs.com\/en\/wp-json\/wp\/v2\/comments?post=374"}],"version-history":[{"count":68,"href":"https:\/\/www.ibizasongs.com\/en\/wp-json\/wp\/v2\/pages\/374\/revisions"}],"predecessor-version":[{"id":1876,"href":"https:\/\/www.ibizasongs.com\/en\/wp-json\/wp\/v2\/pages\/374\/revisions\/1876"}],"wp:attachment":[{"href":"https:\/\/www.ibizasongs.com\/en\/wp-json\/wp\/v2\/media?parent=374"}],"curies":[{"name":"wp","href":"https:\/\/api.w.org\/{rel}","templated":true}]}}