{"id":1430,"date":"2025-05-20T14:10:18","date_gmt":"2025-05-20T12:10:18","guid":{"rendered":"http:\/\/31349d75-b9df-452d-82dd-1de368cdaec2.clouding.host\/?page_id=1430"},"modified":"2026-02-23T12:09:24","modified_gmt":"2026-02-23T11:09:24","slug":"news","status":"publish","type":"page","link":"https:\/\/www.ibizasongs.com\/en\/news\/","title":{"rendered":"News"},"content":{"rendered":"<div data-elementor-type=\"wp-page\" data-elementor-id=\"1430\" class=\"elementor elementor-1430\" data-elementor-post-type=\"page\">\n\t\t\t\t<div class=\"elementor-element elementor-element-9636a31 e-con-full e-flex e-con e-parent\" data-id=\"9636a31\" data-element_type=\"container\" data-settings=\"{&quot;background_background&quot;:&quot;classic&quot;}\">\n\t\t<div class=\"elementor-element elementor-element-aa4e7de e-flex e-con-boxed e-con e-child\" data-id=\"aa4e7de\" data-element_type=\"container\" data-settings=\"{&quot;background_background&quot;:&quot;video&quot;}\">\n\t\t\t\t\t<div class=\"e-con-inner\">\n\t\t\t\t<div class=\"elementor-element elementor-element-bf33c30 elementor-widget elementor-widget-heading\" data-id=\"bf33c30\" data-element_type=\"widget\" data-widget_type=\"heading.default\">\n\t\t\t\t<div class=\"elementor-widget-container\">\n\t\t\t\t\t<h1 class=\"elementor-heading-title elementor-size-default\">NEWS<\/h1>\t\t\t\t<\/div>\n\t\t\t\t<\/div>\n\t\t\t\t<div class=\"elementor-element elementor-element-5f661d7 elementor-widget elementor-widget-heading\" data-id=\"5f661d7\" data-element_type=\"widget\" data-widget_type=\"heading.default\">\n\t\t\t\t<div class=\"elementor-widget-container\">\n\t\t\t\t\t<h2 class=\"elementor-heading-title elementor-size-default\">Discover our latest news. <\/h2>\t\t\t\t<\/div>\n\t\t\t\t<\/div>\n\t\t\t\t\t<\/div>\n\t\t\t\t<\/div>\n\t\t\t\t<\/div>\n\t\t<div class=\"elementor-element elementor-element-ced9988 e-flex e-con-boxed e-con e-parent\" data-id=\"ced9988\" data-element_type=\"container\">\n\t\t\t\t\t<div class=\"e-con-inner\">\n\t\t\t\t<div class=\"elementor-element elementor-element-ae027ce elementor-grid-3 elementor-grid-tablet-2 elementor-grid-mobile-1 elementor-posts--thumbnail-top elementor-card-shadow-yes elementor-posts__hover-gradient elementor-widget elementor-widget-posts\" data-id=\"ae027ce\" data-element_type=\"widget\" data-settings=\"{&quot;cards_masonry&quot;:&quot;yes&quot;,&quot;cards_columns&quot;:&quot;3&quot;,&quot;cards_columns_tablet&quot;:&quot;2&quot;,&quot;cards_columns_mobile&quot;:&quot;1&quot;,&quot;cards_row_gap&quot;:{&quot;unit&quot;:&quot;px&quot;,&quot;size&quot;:35,&quot;sizes&quot;:[]},&quot;cards_row_gap_tablet&quot;:{&quot;unit&quot;:&quot;px&quot;,&quot;size&quot;:&quot;&quot;,&quot;sizes&quot;:[]},&quot;cards_row_gap_mobile&quot;:{&quot;unit&quot;:&quot;px&quot;,&quot;size&quot;:&quot;&quot;,&quot;sizes&quot;:[]}}\" data-widget_type=\"posts.cards\">\n\t\t\t\t<div class=\"elementor-widget-container\">\n\t\t\t\t\t\t\t<div class=\"elementor-posts-container elementor-posts elementor-posts--skin-cards elementor-grid\" role=\"list\">\n\t\t\t\t<article class=\"elementor-post elementor-grid-item post-1951 post type-post status-publish format-standard has-post-thumbnail hentry category-sin-categoria tag-experiencia-de-huesped tag-guest-experience tag-hilo-musical-hoteles tag-musica-para-hoteles\" role=\"listitem\">\n\t\t\t<div class=\"elementor-post__card\">\n\t\t\t\t<a class=\"elementor-post__thumbnail__link\" href=\"https:\/\/www.ibizasongs.com\/en\/musica-para-hoteles-guia-para-crear-una-experiencia-del-huesped-coherente-en-cada-espacio\/\" tabindex=\"-1\" ><div class=\"elementor-post__thumbnail\"><img fetchpriority=\"high\" decoding=\"async\" width=\"300\" height=\"200\" src=\"https:\/\/www.ibizasongs.com\/wp-content\/uploads\/2025\/12\/portada_blog-300x200.jpg\" class=\"attachment-medium size-medium wp-image-1981\" alt=\"\" srcset=\"https:\/\/www.ibizasongs.com\/wp-content\/uploads\/2025\/12\/portada_blog-300x200.jpg 300w, https:\/\/www.ibizasongs.com\/wp-content\/uploads\/2025\/12\/portada_blog-1024x683.jpg 1024w, https:\/\/www.ibizasongs.com\/wp-content\/uploads\/2025\/12\/portada_blog-768x512.jpg 768w, https:\/\/www.ibizasongs.com\/wp-content\/uploads\/2025\/12\/portada_blog-1536x1024.jpg 1536w, https:\/\/www.ibizasongs.com\/wp-content\/uploads\/2025\/12\/portada_blog-2048x1366.jpg 2048w, https:\/\/www.ibizasongs.com\/wp-content\/uploads\/2025\/12\/portada_blog-18x12.jpg 18w\" sizes=\"(max-width: 300px) 100vw, 300px\" title=\"\"><\/div><\/a>\n\t\t\t\t<div class=\"elementor-post__text\">\n\t\t\t\t<h3 class=\"elementor-post__title\">\n\t\t\t<a href=\"https:\/\/www.ibizasongs.com\/en\/musica-para-hoteles-guia-para-crear-una-experiencia-del-huesped-coherente-en-cada-espacio\/\" >\n\t\t\t\tMusic for Hotels: A guide to creating a cohesive guest experience in every space\t\t\t<\/a>\n\t\t<\/h3>\n\t\t\n\t\t<a class=\"elementor-post__read-more\" href=\"https:\/\/www.ibizasongs.com\/en\/musica-para-hoteles-guia-para-crear-una-experiencia-del-huesped-coherente-en-cada-espacio\/\" aria-label=\"Read more about M\u00fasica para hoteles: gu\u00eda para crear una experiencia del hu\u00e9sped coherente en cada espacio\" tabindex=\"-1\" >\n\t\t\tRead more \"\t\t<\/a>\n\n\t\t\t\t<\/div>\n\t\t\t\t\t<\/div>\n\t\t<\/article>\n\t\t\t\t<article class=\"elementor-post elementor-grid-item post-1199 post type-post status-publish format-standard has-post-thumbnail hentry category-sin-categoria\" role=\"listitem\">\n\t\t\t<div class=\"elementor-post__card\">\n\t\t\t\t<a class=\"elementor-post__thumbnail__link\" href=\"https:\/\/www.ibizasongs.com\/en\/mistakes-to-avoid-when-playing-music-in-your-business\/\" tabindex=\"-1\" ><div class=\"elementor-post__thumbnail\"><img decoding=\"async\" width=\"300\" height=\"200\" src=\"https:\/\/www.ibizasongs.com\/wp-content\/uploads\/2025\/05\/pexels-anna-pou-8133000-300x200.jpg\" class=\"attachment-medium size-medium wp-image-1201\" alt=\"\" srcset=\"https:\/\/www.ibizasongs.com\/wp-content\/uploads\/2025\/05\/pexels-anna-pou-8133000-300x200.jpg 300w, https:\/\/www.ibizasongs.com\/wp-content\/uploads\/2025\/05\/pexels-anna-pou-8133000-1024x683.jpg 1024w, https:\/\/www.ibizasongs.com\/wp-content\/uploads\/2025\/05\/pexels-anna-pou-8133000-768x512.jpg 768w, https:\/\/www.ibizasongs.com\/wp-content\/uploads\/2025\/05\/pexels-anna-pou-8133000-1536x1024.jpg 1536w, https:\/\/www.ibizasongs.com\/wp-content\/uploads\/2025\/05\/pexels-anna-pou-8133000-2048x1365.jpg 2048w, https:\/\/www.ibizasongs.com\/wp-content\/uploads\/2025\/05\/pexels-anna-pou-8133000-18x12.jpg 18w\" sizes=\"(max-width: 300px) 100vw, 300px\" title=\"\"><\/div><\/a>\n\t\t\t\t<div class=\"elementor-post__text\">\n\t\t\t\t<h3 class=\"elementor-post__title\">\n\t\t\t<a href=\"https:\/\/www.ibizasongs.com\/en\/mistakes-to-avoid-when-playing-music-in-your-business\/\" >\n\t\t\t\tMistakes to avoid when playing music in your business\t\t\t<\/a>\n\t\t<\/h3>\n\t\t\n\t\t<a class=\"elementor-post__read-more\" href=\"https:\/\/www.ibizasongs.com\/en\/mistakes-to-avoid-when-playing-music-in-your-business\/\" aria-label=\"Read more about Errores que debes evitar a la hora de poner m\u00fasica en tu negocio\" tabindex=\"-1\" >\n\t\t\tRead more \"\t\t<\/a>\n\n\t\t\t\t<\/div>\n\t\t\t\t\t<\/div>\n\t\t<\/article>\n\t\t\t\t<article class=\"elementor-post elementor-grid-item post-1197 post type-post status-publish format-standard has-post-thumbnail hentry category-sin-categoria\" role=\"listitem\">\n\t\t\t<div class=\"elementor-post__card\">\n\t\t\t\t<a class=\"elementor-post__thumbnail__link\" href=\"https:\/\/www.ibizasongs.com\/en\/what-are-the-effects-of-music-on-the-human-mind\/\" tabindex=\"-1\" ><div class=\"elementor-post__thumbnail\"><img decoding=\"async\" width=\"300\" height=\"200\" src=\"https:\/\/www.ibizasongs.com\/wp-content\/uploads\/2025\/05\/pexels-dmitry-demidov-515774-3784221-300x200.jpg\" class=\"attachment-medium size-medium wp-image-1203\" alt=\"\" srcset=\"https:\/\/www.ibizasongs.com\/wp-content\/uploads\/2025\/05\/pexels-dmitry-demidov-515774-3784221-300x200.jpg 300w, https:\/\/www.ibizasongs.com\/wp-content\/uploads\/2025\/05\/pexels-dmitry-demidov-515774-3784221-1024x683.jpg 1024w, https:\/\/www.ibizasongs.com\/wp-content\/uploads\/2025\/05\/pexels-dmitry-demidov-515774-3784221-768x512.jpg 768w, https:\/\/www.ibizasongs.com\/wp-content\/uploads\/2025\/05\/pexels-dmitry-demidov-515774-3784221-1536x1024.jpg 1536w, https:\/\/www.ibizasongs.com\/wp-content\/uploads\/2025\/05\/pexels-dmitry-demidov-515774-3784221-2048x1365.jpg 2048w, https:\/\/www.ibizasongs.com\/wp-content\/uploads\/2025\/05\/pexels-dmitry-demidov-515774-3784221-18x12.jpg 18w\" sizes=\"(max-width: 300px) 100vw, 300px\" title=\"\"><\/div><\/a>\n\t\t\t\t<div class=\"elementor-post__text\">\n\t\t\t\t<h3 class=\"elementor-post__title\">\n\t\t\t<a href=\"https:\/\/www.ibizasongs.com\/en\/what-are-the-effects-of-music-on-the-human-mind\/\" >\n\t\t\t\tWhat are the effects of music on the human mind?\t\t\t<\/a>\n\t\t<\/h3>\n\t\t\n\t\t<a class=\"elementor-post__read-more\" href=\"https:\/\/www.ibizasongs.com\/en\/what-are-the-effects-of-music-on-the-human-mind\/\" aria-label=\"Read more about \u00bfCu\u00e1les son los efectos de la m\u00fasica en la mente humana?\" tabindex=\"-1\" >\n\t\t\tRead more \"\t\t<\/a>\n\n\t\t\t\t<\/div>\n\t\t\t\t\t<\/div>\n\t\t<\/article>\n\t\t\t\t<article class=\"elementor-post elementor-grid-item post-1175 post type-post status-publish format-standard has-post-thumbnail hentry category-sin-categoria\" role=\"listitem\">\n\t\t\t<div class=\"elementor-post__card\">\n\t\t\t\t<a class=\"elementor-post__thumbnail__link\" href=\"https:\/\/www.ibizasongs.com\/en\/curating-music-elevating-experiences\/\" tabindex=\"-1\" ><div class=\"elementor-post__thumbnail\"><img loading=\"lazy\" decoding=\"async\" width=\"300\" height=\"200\" src=\"https:\/\/www.ibizasongs.com\/wp-content\/uploads\/2025\/05\/ibiza-songs-140-300x200.jpg\" class=\"attachment-medium size-medium wp-image-1183\" alt=\"servicios ibiza songs\" srcset=\"https:\/\/www.ibizasongs.com\/wp-content\/uploads\/2025\/05\/ibiza-songs-140-300x200.jpg 300w, https:\/\/www.ibizasongs.com\/wp-content\/uploads\/2025\/05\/ibiza-songs-140-1024x683.jpg 1024w, https:\/\/www.ibizasongs.com\/wp-content\/uploads\/2025\/05\/ibiza-songs-140-768x512.jpg 768w, https:\/\/www.ibizasongs.com\/wp-content\/uploads\/2025\/05\/ibiza-songs-140-1536x1024.jpg 1536w, https:\/\/www.ibizasongs.com\/wp-content\/uploads\/2025\/05\/ibiza-songs-140-2048x1365.jpg 2048w, https:\/\/www.ibizasongs.com\/wp-content\/uploads\/2025\/05\/ibiza-songs-140-18x12.jpg 18w\" sizes=\"(max-width: 300px) 100vw, 300px\" title=\"\"><\/div><\/a>\n\t\t\t\t<div class=\"elementor-post__text\">\n\t\t\t\t<h3 class=\"elementor-post__title\">\n\t\t\t<a href=\"https:\/\/www.ibizasongs.com\/en\/curating-music-elevating-experiences\/\" >\n\t\t\t\tCurating music, elevating experiences\t\t\t<\/a>\n\t\t<\/h3>\n\t\t\n\t\t<a class=\"elementor-post__read-more\" href=\"https:\/\/www.ibizasongs.com\/en\/curating-music-elevating-experiences\/\" aria-label=\"Read more about Curating music, elevating experiences\" tabindex=\"-1\" >\n\t\t\tRead more \"\t\t<\/a>\n\n\t\t\t\t<\/div>\n\t\t\t\t\t<\/div>\n\t\t<\/article>\n\t\t\t\t<\/div>\n\t\t\n\t\t\t\t\t\t<\/div>\n\t\t\t\t<\/div>\n\t\t\t\t\t<\/div>\n\t\t\t\t<\/div>\n\t\t<div class=\"elementor-element elementor-element-219d9b2 e-con-full e-flex e-con e-parent\" data-id=\"219d9b2\" data-element_type=\"container\" data-settings=\"{&quot;background_background&quot;:&quot;classic&quot;}\">\n\t\t<div class=\"elementor-element elementor-element-dd1eca5 e-con-full e-flex e-con e-child\" data-id=\"dd1eca5\" data-element_type=\"container\">\n\t\t<div class=\"elementor-element elementor-element-52cbf15 e-con-full e-flex e-con e-child\" data-id=\"52cbf15\" data-element_type=\"container\">\n\t\t\t\t<div class=\"elementor-element elementor-element-29aec94 elementor-widget elementor-widget-heading\" data-id=\"29aec94\" data-element_type=\"widget\" data-widget_type=\"heading.default\">\n\t\t\t\t<div class=\"elementor-widget-container\">\n\t\t\t\t\t<h2 class=\"elementor-heading-title elementor-size-default\">contact us<\/h2>\t\t\t\t<\/div>\n\t\t\t\t<\/div>\n\t\t\t\t<div class=\"elementor-element elementor-element-db7b1d4 elementor-widget elementor-widget-text-editor\" data-id=\"db7b1d4\" data-element_type=\"widget\" data-widget_type=\"text-editor.default\">\n\t\t\t\t<div class=\"elementor-widget-container\">\n\t\t\t\t\t\t\t\t\t<p>Need more information?<br \/>Do not hesitate to write to us.<\/p>\t\t\t\t\t\t\t\t<\/div>\n\t\t\t\t<\/div>\n\t\t\t\t<div class=\"elementor-element elementor-element-dca8031 elementor-align-left elementor-widget elementor-widget-button\" data-id=\"dca8031\" data-element_type=\"widget\" data-widget_type=\"button.default\">\n\t\t\t\t<div class=\"elementor-widget-container\">\n\t\t\t\t\t\t\t\t\t<div class=\"elementor-button-wrapper\">\n\t\t\t\t\t<a class=\"elementor-button elementor-button-link elementor-size-sm\" href=\"https:\/\/calendly.com\/ibiza-songs-book\/30min\" target=\"_blank\" rel=\"nofollow noopener\">\n\t\t\t\t\t\t<span class=\"elementor-button-content-wrapper\">\n\t\t\t\t\t\t<span class=\"elementor-button-icon\">\n\t\t\t\t<svg aria-hidden=\"true\" class=\"e-font-icon-svg e-fas-arrow-right\" viewbox=\"0 0 448 512\" xmlns=\"http:\/\/www.w3.org\/2000\/svg\"><path d=\"M190.5 66.9l22.2-22.2c9.4-9.4 24.6-9.4 33.9 0L441 239c9.4 9.4 9.4 24.6 0 33.9L246.6 467.3c-9.4 9.4-24.6 9.4-33.9 0l-22.2-22.2c-9.5-9.5-9.3-25 .4-34.3L311.4 296H24c-13.3 0-24-10.7-24-24v-32c0-13.3 10.7-24 24-24h287.4L190.9 101.2c-9.8-9.3-10-24.8-.4-34.3z\"><\/path><\/svg>\t\t\t<\/span>\n\t\t\t\t\t\t\t\t\t<span class=\"elementor-button-text\">SCHEDULE A CALL<\/span>\n\t\t\t\t\t<\/span>\n\t\t\t\t\t<\/a>\n\t\t\t\t<\/div>\n\t\t\t\t\t\t\t\t<\/div>\n\t\t\t\t<\/div>\n\t\t\t\t<\/div>\n\t\t\t\t<\/div>\n\t\t<div class=\"elementor-element elementor-element-8a9b68d e-con-full e-flex e-con e-child\" data-id=\"8a9b68d\" data-element_type=\"container\">\n\t\t\t\t<div class=\"elementor-element elementor-element-d6877ec elementor-widget elementor-widget-image\" data-id=\"d6877ec\" data-element_type=\"widget\" data-widget_type=\"image.default\">\n\t\t\t\t<div class=\"elementor-widget-container\">\n\t\t\t\t\t\t\t\t\t\t\t\t\t\t\t<img loading=\"lazy\" decoding=\"async\" width=\"2048\" height=\"1365\" src=\"https:\/\/www.ibizasongs.com\/wp-content\/uploads\/2025\/06\/ibizatab.jpg\" class=\"attachment-full size-full wp-image-1700\" alt=\"actualidad blog ibiza songs\" srcset=\"https:\/\/www.ibizasongs.com\/wp-content\/uploads\/2025\/06\/ibizatab.jpg 2048w, https:\/\/www.ibizasongs.com\/wp-content\/uploads\/2025\/06\/ibizatab-300x200.jpg 300w, https:\/\/www.ibizasongs.com\/wp-content\/uploads\/2025\/06\/ibizatab-1024x683.jpg 1024w, https:\/\/www.ibizasongs.com\/wp-content\/uploads\/2025\/06\/ibizatab-768x512.jpg 768w, https:\/\/www.ibizasongs.com\/wp-content\/uploads\/2025\/06\/ibizatab-1536x1024.jpg 1536w, https:\/\/www.ibizasongs.com\/wp-content\/uploads\/2025\/06\/ibizatab-18x12.jpg 18w\" sizes=\"(max-width: 2048px) 100vw, 2048px\" title=\"\">\t\t\t\t\t\t\t\t\t\t\t\t\t\t\t<\/div>\n\t\t\t\t<\/div>\n\t\t\t\t<\/div>\n\t\t\t\t<\/div>\n\t\t\t\t<\/div>","protected":false},"excerpt":{"rendered":"<p>NEWS Discover our latest news. contact us Do you need more information? do not hesitate to write to us. SCHEDULE A CALL<\/p>","protected":false},"author":1,"featured_media":1700,"parent":0,"menu_order":0,"comment_status":"closed","ping_status":"closed","template":"","meta":{"footnotes":""},"class_list":["post-1430","page","type-page","status-publish","has-post-thumbnail","hentry"],"_links":{"self":[{"href":"https:\/\/www.ibizasongs.com\/en\/wp-json\/wp\/v2\/pages\/1430","targetHints":{"allow":["GET"]}}],"collection":[{"href":"https:\/\/www.ibizasongs.com\/en\/wp-json\/wp\/v2\/pages"}],"about":[{"href":"https:\/\/www.ibizasongs.com\/en\/wp-json\/wp\/v2\/types\/page"}],"author":[{"embeddable":true,"href":"https:\/\/www.ibizasongs.com\/en\/wp-json\/wp\/v2\/users\/1"}],"replies":[{"embeddable":true,"href":"https:\/\/www.ibizasongs.com\/en\/wp-json\/wp\/v2\/comments?post=1430"}],"version-history":[{"count":29,"href":"https:\/\/www.ibizasongs.com\/en\/wp-json\/wp\/v2\/pages\/1430\/revisions"}],"predecessor-version":[{"id":1997,"href":"https:\/\/www.ibizasongs.com\/en\/wp-json\/wp\/v2\/pages\/1430\/revisions\/1997"}],"wp:featuredmedia":[{"embeddable":true,"href":"https:\/\/www.ibizasongs.com\/en\/wp-json\/wp\/v2\/media\/1700"}],"wp:attachment":[{"href":"https:\/\/www.ibizasongs.com\/en\/wp-json\/wp\/v2\/media?parent=1430"}],"curies":[{"name":"wp","href":"https:\/\/api.w.org\/{rel}","templated":true}]}}